


{"id":6487,"date":"2023-02-21T10:59:54","date_gmt":"2023-02-21T13:59:54","guid":{"rendered":"https:\/\/nutricorpos.com.br\/site\/?post_type=product&#038;p=6487"},"modified":"2023-03-13T20:42:09","modified_gmt":"2023-03-13T23:42:09","slug":"linha-x-acido-hialuronico-com-colageno-emagrecedor-vitamina-nutricorpos","status":"publish","type":"product","link":"https:\/\/nutricorpos.com.br\/site\/index.php\/product\/linha-x-acido-hialuronico-com-colageno-emagrecedor-vitamina-nutricorpos\/","title":{"rendered":"Linha X &#8211; \u00c1cido Hialur\u00f4nico com Col\u00e1geno + Emagrecedor + Vitamina Nutricorpos"},"content":{"rendered":"<p><img loading=\"lazy\" decoding=\"async\" class=\"aligncenter wp-image-6488 size-full\" src=\"https:\/\/nutricorpos.com.br\/site\/wp-content\/uploads\/2023\/02\/Linha-x.png\" alt=\"Linha X - \u00c1cido Hialuronico + Colagen\" width=\"1920\" height=\"700\" srcset=\"https:\/\/nutricorpos.com.br\/site\/wp-content\/uploads\/2023\/02\/Linha-x.png 1920w, https:\/\/nutricorpos.com.br\/site\/wp-content\/uploads\/2023\/02\/Linha-x-1024x373.png 1024w, https:\/\/nutricorpos.com.br\/site\/wp-content\/uploads\/2023\/02\/Linha-x-768x280.png 768w, https:\/\/nutricorpos.com.br\/site\/wp-content\/uploads\/2023\/02\/Linha-x-1536x560.png 1536w, https:\/\/nutricorpos.com.br\/site\/wp-content\/uploads\/2023\/02\/Linha-x-320x117.png 320w, https:\/\/nutricorpos.com.br\/site\/wp-content\/uploads\/2023\/02\/Linha-x-480x175.png 480w, https:\/\/nutricorpos.com.br\/site\/wp-content\/uploads\/2023\/02\/Linha-x-800x292.png 800w, https:\/\/nutricorpos.com.br\/site\/wp-content\/uploads\/2023\/02\/Linha-x-640x233.png 640w, https:\/\/nutricorpos.com.br\/site\/wp-content\/uploads\/2023\/02\/Linha-x-400x146.png 400w, https:\/\/nutricorpos.com.br\/site\/wp-content\/uploads\/2023\/02\/Linha-x-1320x481.png 1320w, https:\/\/nutricorpos.com.br\/site\/wp-content\/uploads\/2023\/02\/Linha-x-600x219.png 600w\" sizes=\"auto, (max-width: 1920px) 100vw, 1920px\" \/><\/p>\n<p>Desenvolvemos este Kit para voc\u00ea ter a oportunidade de conhecer nossas 3 f\u00f3rmulas inovadoras, por um pre\u00e7o muito menor.<\/p>\n<p>Comprando o Kit, voc\u00ea economiza R$90,00 e garante a suplementa\u00e7\u00e3o NutriCorpos completa:<\/p>\n<p><a href=\"https:\/\/nutricorpos.com.br\/site\/index.php\/product\/acido-hialuronico-colageno\/\"><img loading=\"lazy\" decoding=\"async\" class=\"size-medium wp-image-6588 alignleft\" src=\"https:\/\/nutricorpos.com.br\/site\/wp-content\/uploads\/2023\/02\/banner-linha-x-3-300x300.png\" alt=\"\" width=\"300\" height=\"300\" \/><\/a> <a href=\"https:\/\/nutricorpos.com.br\/site\/index.php\/product\/emagrecedor-nutricorpos\/\"><img loading=\"lazy\" decoding=\"async\" class=\"size-medium wp-image-6589 alignleft\" src=\"https:\/\/nutricorpos.com.br\/site\/wp-content\/uploads\/2023\/02\/banner-linha-x-2-300x300.png\" alt=\"\" width=\"300\" height=\"300\" \/><\/a> <a href=\"https:\/\/nutricorpos.com.br\/site\/index.php\/product\/composto-vitaminico-nutricorpos\/\"><img loading=\"lazy\" decoding=\"async\" class=\"size-medium wp-image-6590 alignleft\" src=\"https:\/\/nutricorpos.com.br\/site\/wp-content\/uploads\/2023\/02\/banner-linha-x-1-300x300.png\" alt=\"\" width=\"300\" height=\"300\" \/><\/a><\/p>\n<p>&nbsp;<\/p>\n<p>&nbsp;<\/p>\n<p>&nbsp;<\/p>\n<p>&nbsp;<\/p>\n<p>&nbsp;<\/p>\n<p>&nbsp;<\/p>\n<p>&nbsp;<\/p>\n<p>&nbsp;<\/p>\n<section id='' class='helpie-faq accordions faq-toggle open-first ' data-collection='' data-pagination='0' data-search='0' data-pagination-enabled='0'><h3 class=\"collection-title\">D\u00daVIDAS FREQUENTES (FAQ) - LINHA X<\/h3><article class=\"accordion \"><li class=\"accordion__item \"><div class=\"accordion__header \" data-id=\"post-6506\" data-item=\"hfaq-post-6506\" style=\"background:transparent;\" data-tags=\"\"><div class=\"accordion__title\">Posso tomar os 3 suplementos juntos?<\/div><\/div><div class=\"accordion__body\" style=\"background:transparent;\">Sim, por\u00e9m orientamos a tomar a vitamina e o col\u00e1geno ap\u00f3s as refei\u00e7\u00f5es principais\u00a0 e o emagrecedor antes das refei\u00e7\u00f5es.<\/div><\/li><li class=\"accordion__item \"><div class=\"accordion__header \" data-id=\"post-6507\" data-item=\"hfaq-post-6507\" style=\"background:transparent;\" data-tags=\"\"><div class=\"accordion__title\">Por que tomar col\u00e1geno?<\/div><\/div><div class=\"accordion__body\" style=\"background:transparent;\"><ul class=\"i8Z77e\">\r\n \t<li class=\"TrT0Xe\">Contribui com a melhora da sa\u00fade da pele. A prote\u00edna tem como fun\u00e7\u00e3o fortalecer, hidratar e promover elasticidade na pele. ...<\/li>\r\n \t<li class=\"TrT0Xe\">Ajuda a aliviar dores nas articula\u00e7\u00f5es. ...<\/li>\r\n \t<li class=\"TrT0Xe\">Pode impedir a perda \u00f3ssea. ...<\/li>\r\n \t<li class=\"TrT0Xe\">Age na massa muscular. ...<\/li>\r\n \t<li class=\"TrT0Xe\">Promove a sa\u00fade do cora\u00e7\u00e3o.<\/li>\r\n<\/ul><\/div><\/li><li class=\"accordion__item \"><div class=\"accordion__header \" data-id=\"post-6510\" data-item=\"hfaq-post-6510\" style=\"background:transparent;\" data-tags=\"\"><div class=\"accordion__title\">Por que tomar \u00c1cido Hialur\u00f4nico?<\/div><\/div><div class=\"accordion__body\" style=\"background:transparent;\">O \u00e1cido hialur\u00f4nico \u00e9 um biopol\u00edmero que tem a fun\u00e7\u00e3o de preencher os espa\u00e7os vazios entre as c\u00e9lulas da pele. Para cumprir essa fun\u00e7\u00e3o, o \u00e1cido hialur\u00f4nico se liga ao col\u00e1geno.\r\n\r\nEsse processo de redu\u00e7\u00e3o da produ\u00e7\u00e3o de col\u00e1geno e \u00e1cido hialur\u00f4nico come\u00e7a a acontecer ap\u00f3s os 25 anos, e se intensifica ap\u00f3s os 30 anos. H\u00e1bitos alimentares ruins, consumo de \u00e1lcool e cigarro, exposi\u00e7\u00e3o solar excessiva e a polui\u00e7\u00e3o contribuem para agravar essa redu\u00e7\u00e3o. Por isto \u00e9 importante fazer uma suplementa\u00e7\u00e3o destes compostos para\u00a0 reduzir os danos do tempo e ter uma pele iluminada.<\/div><\/li><li class=\"accordion__item \"><div class=\"accordion__header \" data-id=\"post-6511\" data-item=\"hfaq-post-6511\" style=\"background:transparent;\" data-tags=\"\"><div class=\"accordion__title\">Qual a quantidade ideal de consumo di\u00e1rio?<\/div><\/div><div class=\"accordion__body\" style=\"background:transparent;\">A dose m\u00e9dia di\u00e1ria indicada pela maioria dos estudos, \u00e9 de 2 gramas por dia. Por\u00e9m, o col\u00e1geno hidrolisado \u00e9 o melhor, devido a maior biodisponibilidade. Uma vez que a substancia passa por um processo de hidr\u00f3lise para a quebra em part\u00edculas menores. O col\u00e1geno hidrolisado\u00a0 em c\u00e1psulas \u00e9 a op\u00e7\u00e3o ideal para que busca por praticidade e\/ou tem dificuldades em ingerir o p\u00f3 ou l\u00edquido. Duas c\u00e1psulas di\u00e1rias do \u00c1cido Hialur\u00f4nico + Col\u00e1geno Nutricorpos garantem a dose di\u00e1ria recomendada pela maioria dos profissionais.<\/div><\/li><li class=\"accordion__item \"><div class=\"accordion__header \" data-id=\"post-6512\" data-item=\"hfaq-post-6512\" style=\"background:transparent;\" data-tags=\"\"><div class=\"accordion__title\">Os produtos s\u00e3o aprovados pela ANVISA?<\/div><\/div><div class=\"accordion__body\" style=\"background:transparent;\">Sim, todos os produtos Nutricorpos carregam o selo da anvisa.\u00a0<b>REGISTRO NO M.S.:\u00a0 RDC 240\/2018.<\/b>\u00a0<strong>QU\u00cdMICO RESPONS\u00c1VEL: M\u00e1rio Henrique Nunes Peres - CRQ 02200413<\/strong><\/div><\/li><li class=\"accordion__item \"><div class=\"accordion__header \" data-id=\"post-6513\" data-item=\"hfaq-post-6513\" style=\"background:transparent;\" data-tags=\"\"><div class=\"accordion__title\">Diab\u00e9ticos podem consumir os 3 produtos?<\/div><\/div><div class=\"accordion__body\" style=\"background:transparent;\">Sim,\u00a0 diab\u00e9ticos podem tomar col\u00e1geno. Se voc\u00ea tem diabetes pode tomar col\u00e1geno sem problema algum. N\u00c3O EXCEDER A RECOMENDA\u00c7\u00c3O DI\u00c1RIA DE CONSUMO INDICADA NA EMBALAGEM. AL\u00c9RGICOS: PODE CONTER DERIVADOS DE CRUST\u00c1CEOS, PEIXES, SOJA, LEITE E PINUS.<\/div><\/li><li class=\"accordion__item \"><div class=\"accordion__header \" data-id=\"post-6516\" data-item=\"hfaq-post-6516\" style=\"background:transparent;\" data-tags=\"\"><div class=\"accordion__title\">Qual a dura\u00e7\u00e3o do frasco?<\/div><\/div><div class=\"accordion__body\" style=\"background:transparent;\">Este produto \u00e9 V\u00c1LIDO POR 2 ANOS ap\u00f3s a data de fabrica\u00e7\u00e3o e POR 60 DIAS ap\u00f3s abertura da embalagem para o consumo.<\/div><\/li><li class=\"accordion__item \"><div class=\"accordion__header \" data-id=\"post-6572\" data-item=\"hfaq-post-6572\" style=\"background:transparent;\" data-tags=\"\"><div class=\"accordion__title\">Posso consumir os produtos com bebida alco\u00f3lica?<\/div><\/div><div class=\"accordion__body\" style=\"background:transparent;\">O \u00e1lcool atrapalha na absor\u00e7\u00e3o de v\u00e1rios nutrientes importantes para o organismos, deste modo, n\u00e3o recomendamos o consumo de bebidas alc\u00f3licas juntamente como o Emagrecedor Nutricorpos.<\/div><\/li><li class=\"accordion__item \"><div class=\"accordion__header \" data-id=\"post-6592\" data-item=\"hfaq-post-6592\" style=\"background:transparent;\" data-tags=\"\"><div class=\"accordion__title\">Pessoas com intoler\u00e2ncia \u00e0 lactose e gl\u00faten podem consumir os produtos?<\/div><\/div><div class=\"accordion__body\" style=\"background:transparent;\">Este produto n\u00e3o cont\u00e9m lactose ou derivados do leite e pode ser tomados por pessoas com intoler\u00e2ncia a lactose.<\/div><\/li><\/article><\/section>\n<p><img loading=\"lazy\" decoding=\"async\" class=\" wp-image-6518 alignleft\" src=\"https:\/\/nutricorpos.com.br\/site\/wp-content\/uploads\/2023\/02\/muie-3-300x300.png\" alt=\"\" width=\"366\" height=\"366\" \/><\/p>\n<p>&nbsp;<\/p>\n<p>&nbsp;<\/p>\n<p>&nbsp;<\/p>\n<p>&nbsp;<\/p>\n<style type=\"text\/css\">\r\n.button_wrapper_id_6517{\r\n\tmargin-top: 10px!important;\r\n\tmargin-right: 10px!important;\r\n\tmargin-bottom: 10px!important;\r\n\tmargin-left: 10px!important;\r\n\tdisplay: block;}\r\n.button_container_id_6517{\r\n\twidth: 100px!important;\t\r\n\ttext-align: center!important;\r\n\tmargin: 0 auto!important;\t\r\n}\r\n\r\n\r\n.wd_button_6517{\r\n\tline-height: 1.42857143;\r\n\ttext-decoration: none!important;\r\n\tdisplay: inline-block;\r\n\tborder-bottom: none;\t\r\n\twidth: 206px!important;\r\n\theight: 49px;\r\n\tpadding-top: 10px!important;\r\n\tpadding-right: 10px!important;\r\n\tpadding-bottom: 10px!important;\r\n\tpadding-left: 10px!important;\r\n\tcolor: #ffffff!important;\t\r\n\tfont-size: 20px!important;\r\n\tfont-weight: bold;\r\n\tfont-style: ;\r\n\ttext-align: center;\r\n\r\n\t\t\tborder-top-left-radius: 11px;\r\n\t\tborder-top-right-radius: 10px;\r\n\t\tborder-bottom-left-radius:  10px;\r\n\t\tborder-bottom-right-radius: 10px;\r\n\t\t\r\n\t\t\t\r\n\r\n\t\t\t\t\t\t\tborder-style: solid;\r\n\t\t\t\tborder-width: 1px;\r\n\t\t\t\tborder-color: #0a0305;\r\n\t\t\t\t\t\t\t\ttext-shadow:0px 0px 0px #000000;\r\n\r\n\r\n\t\t\t\t-webkit-box-shadow: 0px 0px 0px #b5b5b5;\r\n\t\t\t\t-moz-box-shadow: 0px 0px 0px #b5b5b5;\r\n\t\t\t\tbox-shadow: 0px 0px 0px #b5b5b5;\r\n\r\n\r\n\t\t\t\tbackground: -webkit-gradient(linear, left top, left bottom, color-stop(45%, rgba(0,0,0,1)), color-stop(1, rgba(142,142,142,1)));\r\n\t\t\t\tbackground: -moz-linear-gradient(rgba(0,0,0,1) 45%, rgba(142,142,142,1));\r\n\t\t\t\tbackground: -o-linear-gradient(rgba(0,0,0,1) 45%, rgba(142,142,142,1));\r\n\t\t\t\tbackground: linear-gradient(rgba(0,0,0,1) 45%, rgba(142,142,142,1));\r\n\t\t\t\twebkit-transition: all 0.3s;\r\n\t\t\t\t-moz-transition: all 0.3s;\r\n\t\t\t\ttransition: all 0.3s;\r\n\t\t\t}\r\n\r\n\t\t\t\r\n\r\n\t\t\t\t.wd_button_6517:hover{\r\n\t\t\t\t\tcolor: #ffffff!important;\r\n\t\t\t\t\ttext-shadow:0px 0px 0px #1e73be;\r\n\t\t\t\t\ttext-shadow-color:#1e73be;\t\r\n\t\t\t\t\tborder-color: #1e73be;\r\n\t\t\t\t\t-webkit-box-shadow: 0px 0px 0px #b5b5b5;\r\n\t\t\t\t\t-moz-box-shadow: 0px 0px 0px #b5b5b5;\r\n\t\t\t\t\tbox-shadow: 0px 0px 0px #b5b5b5;\r\n\r\n\t\t\t\t\t\t\t\t\t\t\tbackground: -webkit-gradient(linear, left top, left bottom, color-stop(45%, rgba(129,215,66,1)), color-stop(1, rgba(67,216,89,1)));\r\n\t\t\t\t\t\tbackground: -moz-linear-gradient(rgba(129,215,66,1) 45%, rgba(67,216,89,1));\r\n\t\t\t\t\t\tbackground: -o-linear-gradient(rgba(129,215,66,1) 45%, rgba(67,216,89,1));\r\n\t\t\t\t\t\tbackground: linear-gradient(rgba(129,215,66,1) 45%, rgba(67,216,89,1));\r\n\t\t\t\t\t\t\r\n\r\n\t\t\t\t\t\twebkit-transition: all 0.3s;\r\n\t\t\t\t\t\t-moz-transition: all 0.3s;\r\n\t\t\t\t\t\ttransition: all 0.3s;\r\n\t\t\t\t\t}\r\n\t\t\t\t\t<\/style>\r\n<style type=\"text\/css\">\r\n<\/style>\r\n<div class=\"button_wrapper_id_6517\">\r\n\t<div class=\"button_container button_container_id_6517\">\t\r\n\t\t<a href=\"https:\/\/app.monetizze.com.br\/checkout\/CKQ131658\" target=\"_blank\" id=\"wd_button\" class=\"wd-hvr-simple wd_button_6517 \"  >COMPRAR AGORA<\/a>\t\r\n\t\t<div class=\"clear_fix\"><\/div>\r\n\t<\/div>\r\n<\/div>\n<p>&nbsp;<\/p>\n","protected":false},"excerpt":{"rendered":"<h3 style=\"text-align: center;\"><style type=\"text\/css\">\r\n.button_wrapper_id_6517{\r\n\tmargin-top: 10px!important;\r\n\tmargin-right: 10px!important;\r\n\tmargin-bottom: 10px!important;\r\n\tmargin-left: 10px!important;\r\n\tdisplay: block;}\r\n.button_container_id_6517{\r\n\twidth: 100px!important;\t\r\n\ttext-align: center!important;\r\n\tmargin: 0 auto!important;\t\r\n}\r\n\r\n\r\n.wd_button_6517{\r\n\tline-height: 1.42857143;\r\n\ttext-decoration: none!important;\r\n\tdisplay: inline-block;\r\n\tborder-bottom: none;\t\r\n\twidth: 206px!important;\r\n\theight: 49px;\r\n\tpadding-top: 10px!important;\r\n\tpadding-right: 10px!important;\r\n\tpadding-bottom: 10px!important;\r\n\tpadding-left: 10px!important;\r\n\tcolor: #ffffff!important;\t\r\n\tfont-size: 20px!important;\r\n\tfont-weight: bold;\r\n\tfont-style: ;\r\n\ttext-align: center;\r\n\r\n\t\t\tborder-top-left-radius: 11px;\r\n\t\tborder-top-right-radius: 10px;\r\n\t\tborder-bottom-left-radius:  10px;\r\n\t\tborder-bottom-right-radius: 10px;\r\n\t\t\r\n\t\t\t\r\n\r\n\t\t\t\t\t\t\tborder-style: solid;\r\n\t\t\t\tborder-width: 1px;\r\n\t\t\t\tborder-color: #0a0305;\r\n\t\t\t\t\t\t\t\ttext-shadow:0px 0px 0px #000000;\r\n\r\n\r\n\t\t\t\t-webkit-box-shadow: 0px 0px 0px #b5b5b5;\r\n\t\t\t\t-moz-box-shadow: 0px 0px 0px #b5b5b5;\r\n\t\t\t\tbox-shadow: 0px 0px 0px #b5b5b5;\r\n\r\n\r\n\t\t\t\tbackground: -webkit-gradient(linear, left top, left bottom, color-stop(45%, rgba(0,0,0,1)), color-stop(1, rgba(142,142,142,1)));\r\n\t\t\t\tbackground: -moz-linear-gradient(rgba(0,0,0,1) 45%, rgba(142,142,142,1));\r\n\t\t\t\tbackground: -o-linear-gradient(rgba(0,0,0,1) 45%, rgba(142,142,142,1));\r\n\t\t\t\tbackground: linear-gradient(rgba(0,0,0,1) 45%, rgba(142,142,142,1));\r\n\t\t\t\twebkit-transition: all 0.3s;\r\n\t\t\t\t-moz-transition: all 0.3s;\r\n\t\t\t\ttransition: all 0.3s;\r\n\t\t\t}\r\n\r\n\t\t\t\r\n\r\n\t\t\t\t.wd_button_6517:hover{\r\n\t\t\t\t\tcolor: #ffffff!important;\r\n\t\t\t\t\ttext-shadow:0px 0px 0px #1e73be;\r\n\t\t\t\t\ttext-shadow-color:#1e73be;\t\r\n\t\t\t\t\tborder-color: #1e73be;\r\n\t\t\t\t\t-webkit-box-shadow: 0px 0px 0px #b5b5b5;\r\n\t\t\t\t\t-moz-box-shadow: 0px 0px 0px #b5b5b5;\r\n\t\t\t\t\tbox-shadow: 0px 0px 0px #b5b5b5;\r\n\r\n\t\t\t\t\t\t\t\t\t\t\tbackground: -webkit-gradient(linear, left top, left bottom, color-stop(45%, rgba(129,215,66,1)), color-stop(1, rgba(67,216,89,1)));\r\n\t\t\t\t\t\tbackground: -moz-linear-gradient(rgba(129,215,66,1) 45%, rgba(67,216,89,1));\r\n\t\t\t\t\t\tbackground: -o-linear-gradient(rgba(129,215,66,1) 45%, rgba(67,216,89,1));\r\n\t\t\t\t\t\tbackground: linear-gradient(rgba(129,215,66,1) 45%, rgba(67,216,89,1));\r\n\t\t\t\t\t\t\r\n\r\n\t\t\t\t\t\twebkit-transition: all 0.3s;\r\n\t\t\t\t\t\t-moz-transition: all 0.3s;\r\n\t\t\t\t\t\ttransition: all 0.3s;\r\n\t\t\t\t\t}\r\n\t\t\t\t\t<\/style>\r\n<style type=\"text\/css\">\r\n<\/style>\r\n<div class=\"button_wrapper_id_6517\">\r\n\t<div class=\"button_container button_container_id_6517\">\t\r\n\t\t<a href=\"https:\/\/app.monetizze.com.br\/checkout\/CKQ131658\" target=\"_blank\" id=\"wd_button\" class=\"wd-hvr-simple wd_button_6517 \"  >COMPRAR AGORA<\/a>\t\r\n\t\t<div class=\"clear_fix\"><\/div>\r\n\t<\/div>\r\n<\/div><\/h3>\n<h3>\u00c1cido Hialur\u00f4nico com Col\u00e1geno:<\/h3>\n<p>O Col\u00e1geno + \u00c1cido Hialur\u00f4nico da Nutricorpos promove um efeito de dentro para fora destes dois componentes.<br \/>\nO Col\u00e1geno \u00e9 a fibra que mant\u00e9m nossa pele firme e que com a idade, o corpo perde parte da capacidade de produzir.<\/p>\n<h3>Vitamina Nutricorpos:<\/h3>\n<p>De acordo com estudos cient\u00edficos, a ingest\u00e3o de vitaminas pela alimenta\u00e7\u00e3o pode ser deficiente em at\u00e9 40 %.<br \/>\nAlimenta\u00e7\u00e3o desbalanceada, a rotina, fast-foods e muitos outros fatores contribuem para isto.<br \/>\nA vitamina Nutricorpos possuem vitaminas de A a Z, L-Prolina, L-Ciste\u00edna e tamb\u00e9m diversos sais minerais indispens\u00e1veis para nosso organismo.<\/p>\n<h3>Emagrecedor Nutricorpos:<\/h3>\n<p>O Emagrecedor Nutricorpos possui em sua composi\u00e7\u00e3o uma f\u00f3rmula com produtos naturais que ajudam o metabolismo lip\u00eddico, ou seja, queima de gorduras. Com extrato de laranja moro, Clorella, Magn\u00e9sio Bosglicinato, Espirulina, Psyllium, Bitartarato de Colina, Zinco<\/p>\n","protected":false},"featured_media":6501,"template":"","meta":{"_mo_disable_npp":"","om_disable_all_campaigns":false},"product_cat":[221],"product_tag":[],"class_list":["post-6487","product","type-product","status-publish","has-post-thumbnail","hentry","product_cat-produtos"],"_links":{"self":[{"href":"https:\/\/nutricorpos.com.br\/site\/index.php\/wp-json\/wp\/v2\/product\/6487","targetHints":{"allow":["GET"]}}],"collection":[{"href":"https:\/\/nutricorpos.com.br\/site\/index.php\/wp-json\/wp\/v2\/product"}],"about":[{"href":"https:\/\/nutricorpos.com.br\/site\/index.php\/wp-json\/wp\/v2\/types\/product"}],"wp:featuredmedia":[{"embeddable":true,"href":"https:\/\/nutricorpos.com.br\/site\/index.php\/wp-json\/wp\/v2\/media\/6501"}],"wp:attachment":[{"href":"https:\/\/nutricorpos.com.br\/site\/index.php\/wp-json\/wp\/v2\/media?parent=6487"}],"wp:term":[{"taxonomy":"product_cat","embeddable":true,"href":"https:\/\/nutricorpos.com.br\/site\/index.php\/wp-json\/wp\/v2\/product_cat?post=6487"},{"taxonomy":"product_tag","embeddable":true,"href":"https:\/\/nutricorpos.com.br\/site\/index.php\/wp-json\/wp\/v2\/product_tag?post=6487"}],"curies":[{"name":"wp","href":"https:\/\/api.w.org\/{rel}","templated":true}]}}