


{"id":6908,"date":"2023-02-28T14:26:06","date_gmt":"2023-02-28T17:26:06","guid":{"rendered":"https:\/\/nutricorpos.com.br\/site\/?page_id=6908"},"modified":"2023-02-28T14:26:06","modified_gmt":"2023-02-28T17:26:06","slug":"duvidas-frequentes-faqs","status":"publish","type":"page","link":"https:\/\/nutricorpos.com.br\/site\/index.php\/duvidas-frequentes-faqs\/","title":{"rendered":"D\u00favidas frequentes (FAQs)"},"content":{"rendered":"<h3 style=\"text-align: center;\">D\u00favidas mais frequentes:<\/h3>\n<h4 style=\"text-align: center;\"><section id='' class='helpie-faq accordions faq-toggle open-first ' data-collection='' data-pagination='0' data-search='0' data-pagination-enabled='0'><h3 class=\"collection-title\">D\u00daVIDAS FREQUENTES (FAQ) - GERAL<\/h3><article class=\"accordion \"><li class=\"accordion__item \"><div class=\"accordion__header \" data-id=\"post-6910\" data-item=\"hfaq-post-6910\" style=\"background:transparent;\" data-tags=\"\"><div class=\"accordion__title\">Quem \u00e9 a Nutricorpos?<\/div><\/div><div class=\"accordion__body\" style=\"background:transparent;\">A Nutricorpos \u00e9 uma empresa de comercializa\u00e7\u00e3o de suplementos alimentares que s\u00e3o produzidos com mat\u00e9rias-primas de alta tecnologia, proporcionando, de forma segura e sem efeitos colaterais, in\u00fameros benef\u00edcios para nossa sa\u00fade.\r\nNossos produtos possuem efic\u00e1cia comprovada cientificamente e s\u00e3o recomendados por m\u00e9dicos, nutricionistas, educadores f\u00edsicos e demais pessoas que trabalham no segmento, pois oferecem ao organismo humano compostos ativos que suprem suas defici\u00eancias de nutrientes, t\u00e3o comuns nos tempos modernos!\r\nA falta de acesso a uma alimenta\u00e7\u00e3o balanceada e rica, a correria do dia a dia e v\u00e1rios outros fatores contribuem para a baixa nos n\u00edveis esperados \u2013 e desejados \u2013 de nutridores para o nosso corpo.\r\nAl\u00e9m disso, n\u00e3o \u00e9 incomum encontrarmos pessoas com disfun\u00e7\u00f5es digestivas e intestinais \u2013 que inibem a extra\u00e7\u00e3o, dos alimentos, de subst\u00e2ncias fundamentais para nosso bem-estar e qualidade de vida.\r\nNossos produtos otimizam, de forma simples, pr\u00e1tica e muito eficiente, os resultados positivos que buscamos para os diversos aspectos de nossa sa\u00fade.<\/div><\/li><li class=\"accordion__item \"><div class=\"accordion__header \" data-id=\"post-6911\" data-item=\"hfaq-post-6911\" style=\"background:transparent;\" data-tags=\"\"><div class=\"accordion__title\">Qual o CNPJ da Nutricorpos?<\/div><\/div><div class=\"accordion__body\" style=\"background:transparent;\">A Nutricorpos Sa\u00fade e Beleza Ltda est\u00e1 registrada com o CNPJ: 29.262.125\/0001-71<\/div><\/li><li class=\"accordion__item \"><div class=\"accordion__header \" data-id=\"post-6912\" data-item=\"hfaq-post-6912\" style=\"background:transparent;\" data-tags=\"\"><div class=\"accordion__title\">Qual o WhatsApp da Nutricorpos?<\/div><\/div><div class=\"accordion__body\" style=\"background:transparent;\">Nosso WhatsApp \u00e9 (37) 99929-4681<\/div><\/li><li class=\"accordion__item \"><div class=\"accordion__header \" data-id=\"post-6913\" data-item=\"hfaq-post-6913\" style=\"background:transparent;\" data-tags=\"\"><div class=\"accordion__title\">Qual e-mail para contato da Nutricorpos?<\/div><\/div><div class=\"accordion__body\" style=\"background:transparent;\">contato@nutricorpos.com.br<\/div><\/li><li class=\"accordion__item \"><div class=\"accordion__header \" data-id=\"post-6914\" data-item=\"hfaq-post-6914\" style=\"background:transparent;\" data-tags=\"\"><div class=\"accordion__title\">Qual o endere\u00e7o da empresa?<\/div><\/div><div class=\"accordion__body\" style=\"background:transparent;\">Av do Progresso, 1387 \u2013 Arcos -MG<\/div><\/li><li class=\"accordion__item \"><div class=\"accordion__header \" data-id=\"post-6915\" data-item=\"hfaq-post-6915\" style=\"background:transparent;\" data-tags=\"\"><div class=\"accordion__title\">Qual \u00e9 a plataforma de venda da Nutricorpos?<\/div><\/div><div class=\"accordion__body\" style=\"background:transparent;\">Atualmente, estamos com parceria com a Monetizze:\r\n\r\nhttps:\/\/app.monetizze.com.br\/<\/div><\/li><li class=\"accordion__item \"><div class=\"accordion__header \" data-id=\"post-6916\" data-item=\"hfaq-post-6916\" style=\"background:transparent;\" data-tags=\"\"><div class=\"accordion__title\">Quais as formas de pagamento?<\/div><\/div><div class=\"accordion__body\" style=\"background:transparent;\">Atualmente, em parceria com a Monetizze, aceitamos as seguintes formas de pagamemto:\r\n\r\n<img decoding=\"async\" src=\"https:\/\/i0.wp.com\/nutricorpos.com.br\/site\/wp-content\/uploads\/2023\/02\/pagamento-222.png?resize=300%2C122&amp;ssl=1\" \/><\/div><\/li><li class=\"accordion__item \"><div class=\"accordion__header \" data-id=\"post-6917\" data-item=\"hfaq-post-6917\" style=\"background:transparent;\" data-tags=\"\"><div class=\"accordion__title\">Qual o pre\u00e7o do frete?<\/div><\/div><div class=\"accordion__body\" style=\"background:transparent;\">Estamos com uma super promo\u00e7\u00e3o onde o frete \u00e9 gr\u00e1tis para todo o Brasil para at\u00e9 10 produtos por comprador.<\/div><\/li><li class=\"accordion__item \"><div class=\"accordion__header \" data-id=\"post-6918\" data-item=\"hfaq-post-6918\" style=\"background:transparent;\" data-tags=\"\"><div class=\"accordion__title\">Qual o prazo de entrega?<\/div><\/div><div class=\"accordion__body\" style=\"background:transparent;\">O prazo de entrega dos nossos produtos \u00e9 de at\u00e9 10 dias.<\/div><\/li><li class=\"accordion__item \"><div class=\"accordion__header \" data-id=\"post-6919\" data-item=\"hfaq-post-6919\" style=\"background:transparent;\" data-tags=\"\"><div class=\"accordion__title\">Se meu produto vier errado, o que eu fa\u00e7o?<\/div><\/div><div class=\"accordion__body\" style=\"background:transparent;\">Neste caso, tire fotos ou v\u00eddeos do produto, de prefer\u00eancia na entrega, e envie para nossos canais de suporte: WhatsApp, e-mail ou telefone. Compravado o erro, entraremos em contato e resolveremos a quest\u00e3o.<\/div><\/li><li class=\"accordion__item \"><div class=\"accordion__header \" data-id=\"post-6920\" data-item=\"hfaq-post-6920\" style=\"background:transparent;\" data-tags=\"\"><div class=\"accordion__title\">Se meu produto n\u00e3o chegar?<\/div><\/div><div class=\"accordion__body\" style=\"background:transparent;\">Caso seu produto n\u00e3o chegue entre em contato com nossos canais de atendimento, (Wpp) 37 99929 - 4681 ou pelo nosso e-mail: contato@nutricorpos.com.br.<\/div><\/li><li class=\"accordion__item \"><div class=\"accordion__header \" data-id=\"post-6921\" data-item=\"hfaq-post-6921\" style=\"background:transparent;\" data-tags=\"\"><div class=\"accordion__title\">Qual a pol\u00edtica de troca da Nutricorpos?<\/div><\/div><div class=\"accordion__body\" style=\"background:transparent;\">Nossa pol\u00edtica de troca \u00e9 de at\u00e9 10 dias da chegada do produto.<\/div><\/li><\/article><\/section><\/h4>\n","protected":false},"excerpt":{"rendered":"<p>D\u00favidas mais frequentes:<\/p>\n","protected":false},"author":1,"featured_media":0,"parent":0,"menu_order":0,"comment_status":"closed","ping_status":"closed","template":"","meta":{"_mo_disable_npp":"","om_disable_all_campaigns":false,"footnotes":""},"class_list":["post-6908","page","type-page","status-publish","hentry"],"_links":{"self":[{"href":"https:\/\/nutricorpos.com.br\/site\/index.php\/wp-json\/wp\/v2\/pages\/6908","targetHints":{"allow":["GET"]}}],"collection":[{"href":"https:\/\/nutricorpos.com.br\/site\/index.php\/wp-json\/wp\/v2\/pages"}],"about":[{"href":"https:\/\/nutricorpos.com.br\/site\/index.php\/wp-json\/wp\/v2\/types\/page"}],"author":[{"embeddable":true,"href":"https:\/\/nutricorpos.com.br\/site\/index.php\/wp-json\/wp\/v2\/users\/1"}],"replies":[{"embeddable":true,"href":"https:\/\/nutricorpos.com.br\/site\/index.php\/wp-json\/wp\/v2\/comments?post=6908"}],"version-history":[{"count":1,"href":"https:\/\/nutricorpos.com.br\/site\/index.php\/wp-json\/wp\/v2\/pages\/6908\/revisions"}],"predecessor-version":[{"id":6922,"href":"https:\/\/nutricorpos.com.br\/site\/index.php\/wp-json\/wp\/v2\/pages\/6908\/revisions\/6922"}],"wp:attachment":[{"href":"https:\/\/nutricorpos.com.br\/site\/index.php\/wp-json\/wp\/v2\/media?parent=6908"}],"curies":[{"name":"wp","href":"https:\/\/api.w.org\/{rel}","templated":true}]}}