


{"id":6200,"date":"2023-02-15T21:46:22","date_gmt":"2023-02-16T00:46:22","guid":{"rendered":"https:\/\/nutricorpos.com.br\/site\/?page_id=6200"},"modified":"2023-02-15T21:52:28","modified_gmt":"2023-02-16T00:52:28","slug":"sobrenos2","status":"publish","type":"page","link":"https:\/\/nutricorpos.com.br\/site\/index.php\/sobrenos2\/","title":{"rendered":"Sobre n\u00f3s"},"content":{"rendered":"<div class=\"porto-block\" data-id=\"6191\"><section class=\"vc_section porto-section porto-inner-container\"><div class=\"container\">\n<h1 class=\"porto-heading mb-3\" style=\"font-size:19px;\">Sobre n\u00f3s:<\/h1>\n\n\n<p class=\"has-zeever-third-color has-zeever-primary-background-color has-text-color has-background\">A Nutricorpos \u00e9 uma empresa de comercializa\u00e7\u00e3o de suplementos alimentares que s\u00e3o produzidos com mat\u00e9rias-primas de alta tecnologia, proporcionando, de forma segura e sem efeitos colaterais, in\u00fameros benef\u00edcios para nossa sa\u00fade.<br>Nossos produtos possuem efic\u00e1cia comprovada cientificamente e s\u00e3o recomendados por m\u00e9dicos, nutricionistas, educadores f\u00edsicos e demais pessoas que trabalham no segmento, pois oferecem ao organismo humano compostos ativos que suprem suas defici\u00eancias de nutrientes, t\u00e3o comuns nos tempos modernos!<br>A falta de acesso a uma alimenta\u00e7\u00e3o balanceada e rica, a correria do dia a dia e v\u00e1rios outros fatores contribuem para a baixa nos n\u00edveis esperados \u2013 e desejados \u2013 de nutridores para o nosso corpo.<br>Al\u00e9m disso, n\u00e3o \u00e9 incomum encontrarmos pessoas com disfun\u00e7\u00f5es digestivas e intestinais \u2013 que inibem a extra\u00e7\u00e3o, dos alimentos, de subst\u00e2ncias fundamentais para nosso bem-estar e qualidade de vida.<br>Nossos produtos otimizam, de forma simples, pr\u00e1tica e muito eficiente, os resultados positivos que buscamos para os diversos aspectos de nossa sa\u00fade.<\/p>\n<h2 class=\"has-zeever-third-color has-white-background-color has-text-color has-background\">Nossa Miss\u00e3o:<\/h2>\n<p class=\"has-zeever-third-color has-white-background-color has-text-color has-background\">Fornecer produtos de qualidade que ajudam a sa\u00fade em geral bem como fornecer tais produtos num prazo pratic\u00e1vel e com pre\u00e7o acess\u00edvel.<\/p>\n\n<\/div><\/section>\n\n<section class=\"vc_section porto-section porto-inner-container pb-3\" style=\"background-color:#f4f4f4;\"><div class=\"container\">\n<h2 class=\"porto-heading mb-3\" style=\"font-size:19px;\">Nutricorpos em parceria com a plataforma Monetizze disp\u00f5e:<\/h2>\n\n\n<div class=\"wp-block-columns is-layout-flex wp-container-core-columns-is-layout-9d6595d7 wp-block-columns-is-layout-flex\">\n<div class=\"wp-block-column is-layout-flow wp-block-column-is-layout-flow\"><div class=\"porto-sicon-box  wpb_custom_1efe903570d178ff0a9b7bfa5febd3a4 style_1 top-icon\"><div class=\"porto-sicon-top\"><div class=\"porto-just-icon-wrapper porto-icon none\" style=\"color:#0088cc;font-size:55px;\"><i class=\"porto-icon-shipped\"><\/i><\/div><\/div><div class=\"porto-sicon-header\"><h3 class=\"porto-sicon-title\" style=\"font-weight:600;font-size:18px;line-height:20px;\">Frete GR\u00c1TIS para todo o Brasil<\/h3><\/div> <!-- header --><div class=\"porto-sicon-description\" style=\"font-size:15px;line-height:27px;\">Enviamos nossos produtos para todo o territ\u00f3rio brasileiro via correios. Para at\u00e9 10 produtos comprados por pessoa.<\/div> <!-- description --><\/div><!-- porto-sicon-box --><\/div>\n\n\n\n<div class=\"wp-block-column is-layout-flow wp-block-column-is-layout-flow\"><div class=\"porto-sicon-box  wpb_custom_1efe903570d178ff0a9b7bfa5febd3a4 style_1 top-icon\"><div class=\"porto-sicon-top\"><div class=\"porto-just-icon-wrapper porto-icon none\" style=\"color:#0088cc;font-size:55px;\"><i class=\"porto-icon-us-dollar\"><\/i><\/div><\/div><div class=\"porto-sicon-header\"><h3 class=\"porto-sicon-title\" style=\"font-weight:600;font-size:18px;line-height:20px;\">Garantias de 90 dias<\/h3><\/div> <!-- header --><div class=\"porto-sicon-description\" style=\"font-size:15px;line-height:27px;\">Garantimos nossas f\u00f3rmulas e a satisfa\u00e7\u00e3o do nosso cliente. 100 % de satisfa\u00e7\u00e3o ou seu dinheiro de volta. <\/div> <!-- description --><\/div><!-- porto-sicon-box --><\/div>\n\n\n\n<div class=\"wp-block-column is-layout-flow wp-block-column-is-layout-flow\"><div class=\"porto-sicon-box  wpb_custom_1efe903570d178ff0a9b7bfa5febd3a4 style_1 top-icon\"><div class=\"porto-sicon-top\"><div class=\"porto-just-icon-wrapper porto-icon none\" style=\"color:#0088cc;font-size:55px;\"><i class=\"porto-icon-online-support\"><\/i><\/div><\/div><div class=\"porto-sicon-header\"><h3 class=\"porto-sicon-title\" style=\"font-weight:600;font-size:18px;line-height:20px;\">Suporte 24 horas\/dia<\/h3><\/div> <!-- header --><div class=\"porto-sicon-description\" style=\"font-size:15px;line-height:27px;\">Dispomos de formul\u00e1rios de contato, E-mail, WhatsApp, para solucionar quaisquer d\u00favidas. <\/div> <!-- description --><\/div><!-- porto-sicon-box --><\/div>\n<\/div>\n\n<\/div><\/section>\n\n<section class=\"vc_section porto-section porto-inner-container pb-3\"><div class=\"container\"><\/div><\/section>\n\n<section class=\"vc_section porto-section porto-inner-container pb-4\" style=\"background-color:#f4f4f4;\"><div class=\"container\">\n\n<div class=\"wp-block-columns mb-0 is-layout-flex wp-container-core-columns-is-layout-9d6595d7 wp-block-columns-is-layout-flex\">\n<div class=\"wp-block-column is-layout-flow wp-block-column-is-layout-flow\"><div class=\"stats-block stats-left  mb-4  wpb_custom_a517333ace5b1666c6af8bd4684f1de9\"><div class=\"stats-desc\"><div id=\"counter_5592104676a088c44cb505\" data-id=\"counter_5592104676a088c44cb505\" class=\"stats-number\" style=\" font-weight:800;font-size:32px;line-height:32px;color:#0088cc;\" data-speed=\"3\" data-counter-value=\"300\" data-separator=\",\" data-decimal=\".\">0<\/div><div class=\"counter_suffix mycust\" style=\" font-weight:800;font-size:32px;line-height:1;color:#0088cc\">+<\/div><div class=\"stats-text\" style=\"font-weight:600;font-size:14px;line-height:25px;\">Consumidores felizes com nossos produtos.<\/div><\/div><\/div><\/div>\n\n\n\n<div class=\"wp-block-column is-layout-flow wp-block-column-is-layout-flow\"><div class=\"stats-block stats-left  mb-4  wpb_custom_a517333ace5b1666c6af8bd4684f1de9\"><div class=\"stats-desc\"><div id=\"counter_5009972306a088c44cb709\" data-id=\"counter_5009972306a088c44cb709\" class=\"stats-number\" style=\" font-weight:800;font-size:32px;line-height:32px;color:#0088cc;\" data-speed=\"3\" data-counter-value=\"25\" data-separator=\"none\" data-decimal=\".\">0<\/div><div class=\"counter_suffix mycust\" style=\" font-weight:800;font-size:32px;line-height:1;color:#0088cc\">+<\/div><div class=\"stats-text\" style=\"font-weight:600;font-size:14px;line-height:25px;\">Equipe de suporte e infra altamente qualificados.<\/div><\/div><\/div><\/div>\n\n\n\n<div class=\"wp-block-column is-layout-flow wp-block-column-is-layout-flow\"><div class=\"stats-block stats-left  mb-4  wpb_custom_a517333ace5b1666c6af8bd4684f1de9\"><div class=\"stats-desc\"><div id=\"counter_3577121856a088c44cb8d8\" data-id=\"counter_3577121856a088c44cb8d8\" class=\"stats-number\" style=\" font-weight:800;font-size:32px;line-height:32px;color:#0088cc;\" data-speed=\"3\" data-counter-value=\"24\" data-separator=\",\" data-decimal=\".\">0<\/div><div class=\"counter_suffix mycust\" style=\" font-weight:800;font-size:19px;line-height:32px;color:#0088cc\">hr<\/div><div class=\"stats-text\" style=\"font-weight:600;font-size:14px;line-height:25px;\">Suporte dispon\u00edvel  24 por dia.<\/div><\/div><\/div><\/div>\n\n\n\n<div class=\"wp-block-column is-layout-flow wp-block-column-is-layout-flow\"><div class=\"stats-block stats-left  mb-4  wpb_custom_a517333ace5b1666c6af8bd4684f1de9\"><div class=\"stats-desc\"><div id=\"counter_6747138096a088c44cbaa7\" data-id=\"counter_6747138096a088c44cbaa7\" class=\"stats-number\" style=\" font-weight:800;font-size:32px;line-height:32px;color:#0088cc;\" data-speed=\"3\" data-counter-value=\"265\" data-separator=\",\" data-decimal=\".\">0<\/div><div class=\"counter_suffix mycust\" style=\" font-weight:800;font-size:32px;line-height:1;color:#0088cc\">+<\/div><div class=\"stats-text\" style=\"font-weight:600;font-size:14px;line-height:25px;\">Envios realizados com sucesso.<\/div><\/div><\/div><\/div>\n\n\n\n<div class=\"wp-block-column is-layout-flow wp-block-column-is-layout-flow\"><div class=\"stats-block stats-left  mb-4  wpb_custom_a517333ace5b1666c6af8bd4684f1de9\"><div class=\"stats-desc\"><div id=\"counter_919144886a088c44cbc70\" data-id=\"counter_919144886a088c44cbc70\" class=\"stats-number\" style=\" font-weight:800;font-size:32px;line-height:32px;color:#0088cc;\" data-speed=\"3\" data-counter-value=\"100\" data-separator=\",\" data-decimal=\".\">0<\/div><div class=\"counter_suffix mycust\" style=\" font-weight:800;font-size:19px;line-height:32px;color:#0088cc\">%<\/div><div class=\"stats-text\" style=\"font-weight:600;font-size:14px;line-height:25px;\">Garantia de satisafa\u00e7\u00e3o do produto.<\/div><\/div><\/div><\/div>\n<\/div>\n\n<\/div><\/section><\/div>\n","protected":false},"excerpt":{"rendered":"Sobre n\u00f3s: A Nutricorpos \u00e9 uma empresa de comercializa\u00e7\u00e3o de suplementos alimentares que s\u00e3o produzidos com mat\u00e9rias-primas de alta tecnologia, proporcionando, de forma segura e sem efeitos colaterais, in\u00fameros benef\u00edcios para nossa sa\u00fade.Nossos produtos possuem efic\u00e1cia comprovada cientificamente e s\u00e3o recomendados por m\u00e9dicos, nutricionistas, educadores f\u00edsicos e demais pessoas que trabalham no segmento, pois oferecem [...]","protected":false},"author":1,"featured_media":0,"parent":0,"menu_order":0,"comment_status":"closed","ping_status":"closed","template":"elementor_theme","meta":{"_mo_disable_npp":"","om_disable_all_campaigns":false,"footnotes":""},"class_list":["post-6200","page","type-page","status-publish","hentry"],"_links":{"self":[{"href":"https:\/\/nutricorpos.com.br\/site\/index.php\/wp-json\/wp\/v2\/pages\/6200","targetHints":{"allow":["GET"]}}],"collection":[{"href":"https:\/\/nutricorpos.com.br\/site\/index.php\/wp-json\/wp\/v2\/pages"}],"about":[{"href":"https:\/\/nutricorpos.com.br\/site\/index.php\/wp-json\/wp\/v2\/types\/page"}],"author":[{"embeddable":true,"href":"https:\/\/nutricorpos.com.br\/site\/index.php\/wp-json\/wp\/v2\/users\/1"}],"replies":[{"embeddable":true,"href":"https:\/\/nutricorpos.com.br\/site\/index.php\/wp-json\/wp\/v2\/comments?post=6200"}],"version-history":[{"count":7,"href":"https:\/\/nutricorpos.com.br\/site\/index.php\/wp-json\/wp\/v2\/pages\/6200\/revisions"}],"predecessor-version":[{"id":6210,"href":"https:\/\/nutricorpos.com.br\/site\/index.php\/wp-json\/wp\/v2\/pages\/6200\/revisions\/6210"}],"wp:attachment":[{"href":"https:\/\/nutricorpos.com.br\/site\/index.php\/wp-json\/wp\/v2\/media?parent=6200"}],"curies":[{"name":"wp","href":"https:\/\/api.w.org\/{rel}","templated":true}]}}